{"id":105,"date":"2017-12-22T23:32:33","date_gmt":"2017-12-22T22:32:33","guid":{"rendered":"http:\/\/www.top-it-dienst.de\/?page_id=105"},"modified":"2017-12-22T23:32:33","modified_gmt":"2017-12-22T22:32:33","slug":"zeiterfassung-schnittstellen","status":"publish","type":"page","link":"https:\/\/www.top-it-dienst.de\/datenschutzerklaerung\/topkontor-zeiterfassung\/zeiterfassung-schnittstellen\/","title":{"rendered":"Zeiterfassung Schnittstellen"},"content":{"rendered":"<div class=\"flex_column av_one_full  flex_column_div av-zero-column-padding first  avia-builder-el-0  el_before_av_one_half  avia-builder-el-first  \">\n<div class=\"av-special-heading av-special-heading-h2  blockquote modern-quote  avia-builder-el-1  avia-builder-el-no-sibling  \">\n<h2 class=\"av-special-heading-tag \"><b>Schnittstellen<\/b>\u00a0in der Zeiterfassung<\/h2>\n<\/div>\n<\/div>\n<div class=\"flex_column av_one_half  flex_column_div av-zero-column-padding first  avia-builder-el-2  el_after_av_one_full  el_before_av_one_half  column-top-margin\">\n<div class=\"avia-image-container  av-styling-    avia-builder-el-3  avia-builder-el-no-sibling  avia-align-center \">\n<div class=\"avia-image-container-inner\"><img decoding=\"async\" class=\"avia_image initial lazyloaded\" title=\"TopKontor Zeiterfassung Auftr\u00e4ge Schnittstellen\" src=\"https:\/\/www.topkontorzeiterfassung.de\/wp-content\/uploads\/2017\/05\/auftr%C3%A4ge.png\" alt=\"TopKontor Zeiterfassung Auftr\u00e4ge Schnittstellen\" data-lazy-src=\"https:\/\/www.topkontorzeiterfassung.de\/wp-content\/uploads\/2017\/05\/auftr\u00e4ge.png\" data-was-processed=\"true\" \/><\/div>\n<\/div>\n<\/div>\n<div class=\"flex_column av_one_half  flex_column_div av-zero-column-padding   avia-builder-el-4  el_after_av_one_half  el_before_av_one_half  column-top-margin\">\n<section class=\"av_textblock_section \">\n<div class=\"avia_textblock  \">\n<p align=\"justify\">TopKontor Zeiterfassung bringt Schnittstellen zu Warenwirtschaftssystemen und zu Lohnprogrammen mit. Automatisch verbindet sich das Programm \u00fcber diese Schnittstellen mit anderen Softwareprodukten und tauscht Daten aus, die f\u00fcr das reibungslose sowie komfortable Arbeiten mit der B\u00fcrosoftware wichtig sind. Die Anwender m\u00fcssen dabei nicht aktiv werden.<\/p>\n<p align=\"justify\">Aber auch die Daten\u00fcbernahme \u00fcber eine Universalschnittstelle ist m\u00f6glich. Dazu sollte das Fremdsystem diese Daten als CSV- oder Excel-Datei exportieren k\u00f6nnen. Anschlie\u00dfend wird \u00fcber die Universalschnittstelle die Datei in TopKontor Zeiterfassung importiert.<\/p>\n<\/div>\n<\/section>\n<\/div>\n<div class=\"flex_column av_one_half  flex_column_div av-zero-column-padding first  avia-builder-el-6  el_after_av_one_half  el_before_av_one_half  column-top-margin\">\n<div class=\"av-special-heading av-special-heading-h3  blockquote modern-quote  avia-builder-el-7  el_before_av_textblock  avia-builder-el-first  \">\n<h3 class=\"av-special-heading-tag \">Schnittstelle\u00a0<b>Lohn<\/b><\/h3>\n<\/div>\n<section class=\"av_textblock_section \">\n<div class=\"avia_textblock  \">\n<p>Die automatische Verkn\u00fcpfung von zwei Softwareprodukten vereinfacht die allt\u00e4gliche Arbeit. Doppelte Eingabe und somit doppelte Arbeit werden vermieden. TopKontor Zeiterfassung ist \u00fcber Schnittstellen zu g\u00e4ngigen Lohnprogrammen verbunden und das auf Knopfdruck.<\/p>\n<p><a href=\"https:\/\/www.topkontorzeiterfassung.de\/schnittstelle-lohn\/\">weiterlesen &gt;&gt;<\/a><\/p>\n<\/div>\n<\/section>\n<\/div>\n<div class=\"flex_column av_one_half  flex_column_div av-zero-column-padding   avia-builder-el-9  el_after_av_one_half  avia-builder-el-last  column-top-margin\">\n<div class=\"av-special-heading av-special-heading-h3  blockquote modern-quote  avia-builder-el-10  el_before_av_textblock  avia-builder-el-first  \">\n<h3 class=\"av-special-heading-tag \">Schnittstelle\u00a0<b>Warenwirtschaft<\/b><\/h3>\n<\/div>\n<section class=\"av_textblock_section \">\n<div class=\"avia_textblock  \">\n<p align=\"justify\"><span class=\"delay2\">Die Schnittstelle Warenwirtschaft in der Software TopKontor Zeiterfassung erm\u00f6glicht es, dass bei einer Auftragsdatenerfassung die Vorg\u00e4nge aus der vorhandenen Warenwirtschaft \u00fcbernommen werden k\u00f6nnen. Das erspart die doppelte Eingabe von Vorg\u00e4ngen und somit doppelte Arbeit.<\/span><\/p>\n<p align=\"justify\"><a href=\"https:\/\/www.topkontorzeiterfassung.de\/schnittstelle-warenwirtschaft\/\">weiterlesen &gt;&gt;<\/a><\/p>\n<\/div>\n<\/section>\n<\/div>\n","protected":false},"excerpt":{"rendered":"<p>Schnittstellen\u00a0in der Zeiterfassung TopKontor Zeiterfassung bringt Schnittstellen zu Warenwirtschaftssystemen und zu Lohnprogrammen mit. Automatisch verbindet sich das Programm \u00fcber diese Schnittstellen mit anderen Softwareprodukten und tauscht Daten aus, die f\u00fcr das reibungslose sowie komfortable Arbeiten mit der B\u00fcrosoftware wichtig sind. Die Anwender m\u00fcssen dabei nicht aktiv werden. Aber auch die Daten\u00fcbernahme \u00fcber eine Universalschnittstelle ist &hellip; <\/p>\n<p class=\"link-more\"><a href=\"https:\/\/www.top-it-dienst.de\/datenschutzerklaerung\/topkontor-zeiterfassung\/zeiterfassung-schnittstellen\/\" class=\"more-link\"><span class=\"screen-reader-text\">\u201eZeiterfassung Schnittstellen\u201c<\/span> weiterlesen<\/a><\/p>\n","protected":false},"author":1,"featured_media":0,"parent":52,"menu_order":0,"comment_status":"closed","ping_status":"closed","template":"","meta":{"footnotes":""},"class_list":["post-105","page","type-page","status-publish","hentry"],"_links":{"self":[{"href":"https:\/\/www.top-it-dienst.de\/datenschutzerklaerung\/wp-json\/wp\/v2\/pages\/105","targetHints":{"allow":["GET"]}}],"collection":[{"href":"https:\/\/www.top-it-dienst.de\/datenschutzerklaerung\/wp-json\/wp\/v2\/pages"}],"about":[{"href":"https:\/\/www.top-it-dienst.de\/datenschutzerklaerung\/wp-json\/wp\/v2\/types\/page"}],"author":[{"embeddable":true,"href":"https:\/\/www.top-it-dienst.de\/datenschutzerklaerung\/wp-json\/wp\/v2\/users\/1"}],"replies":[{"embeddable":true,"href":"https:\/\/www.top-it-dienst.de\/datenschutzerklaerung\/wp-json\/wp\/v2\/comments?post=105"}],"version-history":[{"count":1,"href":"https:\/\/www.top-it-dienst.de\/datenschutzerklaerung\/wp-json\/wp\/v2\/pages\/105\/revisions"}],"predecessor-version":[{"id":106,"href":"https:\/\/www.top-it-dienst.de\/datenschutzerklaerung\/wp-json\/wp\/v2\/pages\/105\/revisions\/106"}],"up":[{"embeddable":true,"href":"https:\/\/www.top-it-dienst.de\/datenschutzerklaerung\/wp-json\/wp\/v2\/pages\/52"}],"wp:attachment":[{"href":"https:\/\/www.top-it-dienst.de\/datenschutzerklaerung\/wp-json\/wp\/v2\/media?parent=105"}],"curies":[{"name":"wp","href":"https:\/\/api.w.org\/{rel}","templated":true}]}}