{"id":107,"date":"2017-12-22T23:33:56","date_gmt":"2017-12-22T22:33:56","guid":{"rendered":"http:\/\/www.top-it-dienst.de\/?page_id=107"},"modified":"2017-12-22T23:33:56","modified_gmt":"2017-12-22T22:33:56","slug":"zeiterfassung-schnittstelle-lohn","status":"publish","type":"page","link":"https:\/\/www.top-it-dienst.de\/datenschutzerklaerung\/topkontor-zeiterfassung\/zeiterfassung-schnittstellen\/zeiterfassung-schnittstelle-lohn\/","title":{"rendered":"Zeiterfassung Schnittstelle Lohn"},"content":{"rendered":"<div class=\"av-special-heading av-special-heading-h2  blockquote modern-quote  avia-builder-el-1  el_before_av_textblock  avia-builder-el-first  \">\n<h2 class=\"av-special-heading-tag \">Schnittstelle\u00a0<b>Lohn<\/b><\/h2>\n<\/div>\n<section class=\"av_textblock_section \">\n<div class=\"avia_textblock  \">\n<p>Die automatische Verkn\u00fcpfung von zwei Softwareprodukten vereinfacht die allt\u00e4gliche Arbeit. Doppelte Eingabe und somit doppelte Arbeit werden vermieden. TopKontor Zeiterfassung ist \u00fcber\u00a0<a href=\"https:\/\/www.topkontorzeiterfassung.de\/schnittstellen\/\">Schnittstellen<\/a>\u00a0zu g\u00e4ngigen Lohnprogrammen verbunden und das v\u00f6llig automatisch. Der Anwender muss keine aktiven Handlungen vornehmen um die L\u00f6hne, die per Lohnart berechnet wurden, an das Lohnprogramm oder den Steuerberater zu \u00fcbergeben. In nur wenigen Sekunden werden die Daten \u00fcbermittelt. Folgende Schnittstellen sind in der Software TopKontor Zeiterfassung integriert:<\/p>\n<table>\n<tbody>\n<tr>\n<td width=\"50%\">\n<ul>\n<li>DATEV Lodas<\/li>\n<li>DATEV Lohn &amp; Gehalt<\/li>\n<li>Microtech b\u00fcro+<\/li>\n<li>SelectLine Lohn &amp; Gehalt<\/li>\n<\/ul>\n<\/td>\n<td width=\"50%\">\n<ul>\n<li>Lexware<\/li>\n<li>GDI<\/li>\n<li>BPS<\/li>\n<li>Universal<\/li>\n<\/ul>\n<\/td>\n<\/tr>\n<\/tbody>\n<\/table>\n<p>Fast jedes Lohnprogramm bietet eine Text-Schnittstelle zum Import von Daten aus der TopKontor Zeiterfassung. Ist ein anderes Lohnprogramm im Einsatz, kann diese per Universal-Schnittstelle angebunden werden.<\/p>\n<\/div>\n<\/section>\n","protected":false},"excerpt":{"rendered":"<p>Schnittstelle\u00a0Lohn Die automatische Verkn\u00fcpfung von zwei Softwareprodukten vereinfacht die allt\u00e4gliche Arbeit. Doppelte Eingabe und somit doppelte Arbeit werden vermieden. TopKontor Zeiterfassung ist \u00fcber\u00a0Schnittstellen\u00a0zu g\u00e4ngigen Lohnprogrammen verbunden und das v\u00f6llig automatisch. Der Anwender muss keine aktiven Handlungen vornehmen um die L\u00f6hne, die per Lohnart berechnet wurden, an das Lohnprogramm oder den Steuerberater zu \u00fcbergeben. In nur &hellip; <\/p>\n<p class=\"link-more\"><a href=\"https:\/\/www.top-it-dienst.de\/datenschutzerklaerung\/topkontor-zeiterfassung\/zeiterfassung-schnittstellen\/zeiterfassung-schnittstelle-lohn\/\" class=\"more-link\"><span class=\"screen-reader-text\">\u201eZeiterfassung Schnittstelle Lohn\u201c<\/span> weiterlesen<\/a><\/p>\n","protected":false},"author":1,"featured_media":0,"parent":105,"menu_order":0,"comment_status":"closed","ping_status":"closed","template":"","meta":{"footnotes":""},"class_list":["post-107","page","type-page","status-publish","hentry"],"_links":{"self":[{"href":"https:\/\/www.top-it-dienst.de\/datenschutzerklaerung\/wp-json\/wp\/v2\/pages\/107","targetHints":{"allow":["GET"]}}],"collection":[{"href":"https:\/\/www.top-it-dienst.de\/datenschutzerklaerung\/wp-json\/wp\/v2\/pages"}],"about":[{"href":"https:\/\/www.top-it-dienst.de\/datenschutzerklaerung\/wp-json\/wp\/v2\/types\/page"}],"author":[{"embeddable":true,"href":"https:\/\/www.top-it-dienst.de\/datenschutzerklaerung\/wp-json\/wp\/v2\/users\/1"}],"replies":[{"embeddable":true,"href":"https:\/\/www.top-it-dienst.de\/datenschutzerklaerung\/wp-json\/wp\/v2\/comments?post=107"}],"version-history":[{"count":1,"href":"https:\/\/www.top-it-dienst.de\/datenschutzerklaerung\/wp-json\/wp\/v2\/pages\/107\/revisions"}],"predecessor-version":[{"id":108,"href":"https:\/\/www.top-it-dienst.de\/datenschutzerklaerung\/wp-json\/wp\/v2\/pages\/107\/revisions\/108"}],"up":[{"embeddable":true,"href":"https:\/\/www.top-it-dienst.de\/datenschutzerklaerung\/wp-json\/wp\/v2\/pages\/105"}],"wp:attachment":[{"href":"https:\/\/www.top-it-dienst.de\/datenschutzerklaerung\/wp-json\/wp\/v2\/media?parent=107"}],"curies":[{"name":"wp","href":"https:\/\/api.w.org\/{rel}","templated":true}]}}