{"id":143,"date":"2017-12-23T00:38:31","date_gmt":"2017-12-22T23:38:31","guid":{"rendered":"http:\/\/www.top-it-dienst.de\/?page_id=143"},"modified":"2021-01-10T02:34:54","modified_gmt":"2021-01-10T01:34:54","slug":"edv-dienstleistung","status":"publish","type":"page","link":"https:\/\/www.top-it-dienst.de\/datenschutzerklaerung\/edv-dienstleistung\/","title":{"rendered":"EDV-Dienstleistung"},"content":{"rendered":"<section class=\"elementor-element elementor-element-694c287 elementor-section-boxed elementor-section-height-default elementor-section-height-default default-style elementor-section elementor-top-section\" data-id=\"694c287\" data-settings=\"{&quot;rt_color_sets&quot;:&quot;default-style&quot;}\" data-element_type=\"section\">\n<div class=\"elementor-container elementor-column-gap-default\">\n<div class=\"elementor-row\">\n<div class=\"elementor-element elementor-element-2875915 elementor-column elementor-col-50 elementor-top-column\" data-id=\"2875915\" data-element_type=\"column\">\n<div class=\"elementor-column-wrap elementor-element-populated\">\n<p><img loading=\"lazy\" decoding=\"async\" class=\"alignright size-full wp-image-728\" style=\"font-size: 1rem;\" src=\"https:\/\/www.terracom.de\/wp-content\/uploads\/2017\/12\/utm-firewall.jpg\" sizes=\"auto, (max-width: 869px) 100vw, 869px\" srcset=\"https:\/\/www.terracom.de\/wp-content\/uploads\/2017\/12\/utm-firewall.jpg 869w, https:\/\/www.terracom.de\/wp-content\/uploads\/2017\/12\/utm-firewall-300x98.jpg 300w, https:\/\/www.terracom.de\/wp-content\/uploads\/2017\/12\/utm-firewall-768x252.jpg 768w, https:\/\/www.terracom.de\/wp-content\/uploads\/2017\/12\/utm-firewall-434x142.jpg 434w\" alt=\"\" width=\"869\" height=\"285\" \/><\/p>\n<\/div>\n<\/div>\n<div class=\"elementor-element elementor-element-d2b0827 elementor-column elementor-col-50 elementor-top-column\" data-id=\"d2b0827\" data-element_type=\"column\">\n<div class=\"elementor-column-wrap elementor-element-populated\">\n<div class=\"elementor-widget-wrap\">\n<div class=\"elementor-element elementor-element-759adbb elementor-widget elementor-widget-text-editor\" data-id=\"759adbb\" data-element_type=\"text-editor.default\">\n<div class=\"elementor-widget-container\">\n<div class=\"elementor-text-editor elementor-clearfix\">\n<h5><\/h5>\n<h5><\/h5>\n<p><iframe loading=\"lazy\" title=\"Securepoint Unified Security \u2013 Erkl\u00e4rvideo\" width=\"525\" height=\"295\" src=\"https:\/\/www.youtube.com\/embed\/2a7QT_5X8Gg?feature=oembed\" frameborder=\"0\" allow=\"accelerometer; autoplay; clipboard-write; encrypted-media; gyroscope; picture-in-picture; web-share\" referrerpolicy=\"strict-origin-when-cross-origin\" allowfullscreen><\/iframe><\/p>\n<h5><\/h5>\n<h5>Security L\u00f6sungen<\/h5>\n<div class=\"wpb_column vc_column_container vc_col-sm-6\">\n<div class=\"vc_column-inner \">\n<div class=\"wpb_wrapper\">\n<div class=\"wpb_text_column wpb_content_element \">\n<div class=\"wpb_wrapper\">\n<p>Sicherheit spielt in der Unternehmens-IT eine zentrale Rolle. Ohne ein sauber durchdachtes, umgesetztes und dauerhaft betreutes Securitykonzept sind Unternehmen existentiellen Gefahren aus dem Internet und Cyberangriffen schutzlos ausgeliefert. Wichtige Daten k\u00f6nnen schnell verloren gehen oder gestohlen werden und Passw\u00f6rter so in die falschen H\u00e4nde geraten. Ungeregelte externe Zugriffe ohne Berechtigungsstufen erschweren die Datensicherheit und bedrohen die Vertraulichkeit von Dokumenten.<\/p>\n<\/div>\n<\/div>\n<div class=\"separator transparent \"><\/div>\n<\/div>\n<\/div>\n<\/div>\n<div class=\"wpb_column vc_column_container vc_col-sm-6\">\n<div class=\"vc_column-inner \">\n<div class=\"wpb_wrapper\">\n<div class=\"wpb_text_column wpb_content_element \">\n<div class=\"wpb_wrapper\">\n<p>Abgelaufene Software- und Hardware-Lizenzen machen das Arbeiten teilweise unm\u00f6glich und k\u00f6nnen schwerwiegende juristische Folgen haben. Kurzum: Ohne IT-Securitykonzept kommt heute kein professionelles Unternehmen mehr aus. Top-IT-Dienst bietet Ihnen deshalb wasserdichte und ganzheitliche IT-Securityl\u00f6sungen und -Konzepte an. Egal welches IT-Sicherheitsproblem Sie haben, wir finden die passende L\u00f6sung f\u00fcr Sie und machen damit Ihr Kerngesch\u00e4ft sicherer.<\/p>\n<\/div>\n<\/div>\n<\/div>\n<\/div>\n<\/div>\n<\/div>\n<\/div>\n<\/div>\n<\/div>\n<\/div>\n<\/div>\n<\/div>\n<\/div>\n<\/section>\n<section class=\"elementor-element elementor-element-08325e0 elementor-section-boxed elementor-section-height-default elementor-section-height-default default-style elementor-section elementor-top-section\" data-id=\"08325e0\" data-settings=\"{&quot;rt_color_sets&quot;:&quot;default-style&quot;}\" data-element_type=\"section\">\n<div class=\"elementor-container elementor-column-gap-default\">\n<div class=\"elementor-row\">\n<div class=\"elementor-element elementor-element-d07a364 elementor-column elementor-col-100 elementor-top-column\" data-id=\"d07a364\" data-element_type=\"column\">\n<div class=\"elementor-column-wrap elementor-element-populated\">\n<div class=\"elementor-widget-wrap\">\n<div class=\"elementor-element elementor-element-071594a elementor-widget elementor-widget-divider\" data-id=\"071594a\" data-element_type=\"divider.default\">\n<div class=\"elementor-widget-container\">\n<div class=\"elementor-divider\"><img loading=\"lazy\" decoding=\"async\" class=\"alignright size-full wp-image-722\" src=\"https:\/\/www.terracom.de\/wp-content\/uploads\/2017\/12\/e-mail-archivierung.jpg\" sizes=\"auto, (max-width: 869px) 100vw, 869px\" srcset=\"https:\/\/www.terracom.de\/wp-content\/uploads\/2017\/12\/e-mail-archivierung.jpg 869w, https:\/\/www.terracom.de\/wp-content\/uploads\/2017\/12\/e-mail-archivierung-300x98.jpg 300w, https:\/\/www.terracom.de\/wp-content\/uploads\/2017\/12\/e-mail-archivierung-768x252.jpg 768w, https:\/\/www.terracom.de\/wp-content\/uploads\/2017\/12\/e-mail-archivierung-434x142.jpg 434w\" alt=\"\" width=\"869\" height=\"285\" \/><\/div>\n<p><img loading=\"lazy\" decoding=\"async\" class=\"alignnone size-medium wp-image-429\" src=\"https:\/\/www.top-it-dienst.de\/wp-content\/uploads\/2021\/01\/UMA-Certified-Partner-300x80.png\" alt=\"\" width=\"300\" height=\"80\" srcset=\"https:\/\/www.top-it-dienst.de\/wp-content\/uploads\/2021\/01\/UMA-Certified-Partner-300x80.png 300w, https:\/\/www.top-it-dienst.de\/wp-content\/uploads\/2021\/01\/UMA-Certified-Partner-1024x272.png 1024w, https:\/\/www.top-it-dienst.de\/wp-content\/uploads\/2021\/01\/UMA-Certified-Partner-768x204.png 768w, https:\/\/www.top-it-dienst.de\/wp-content\/uploads\/2021\/01\/UMA-Certified-Partner.png 1200w\" sizes=\"auto, (max-width: 300px) 100vw, 300px\" \/><\/p>\n<\/div>\n<\/div>\n<\/div>\n<\/div>\n<\/div>\n<\/div>\n<\/div>\n<\/section>\n<section class=\"elementor-element elementor-element-c80cb27 elementor-section-boxed elementor-section-height-default elementor-section-height-default default-style elementor-section elementor-top-section\" data-id=\"c80cb27\" data-settings=\"{&quot;rt_color_sets&quot;:&quot;default-style&quot;}\" data-element_type=\"section\">\n<div class=\"elementor-container elementor-column-gap-default\">\n<div class=\"elementor-row\">\n<div class=\"elementor-element elementor-element-2bb158e elementor-column elementor-col-50 elementor-top-column\" data-id=\"2bb158e\" data-element_type=\"column\">\n<div class=\"elementor-column-wrap elementor-element-populated\">\n<div class=\"elementor-widget-wrap\">\n<div class=\"elementor-element elementor-element-8f60390 elementor-widget elementor-widget-text-editor\" data-id=\"8f60390\" data-element_type=\"text-editor.default\">\n<div class=\"elementor-widget-container\">\n<div class=\"elementor-text-editor elementor-clearfix\">\n<h5>E-Mail Archivierung<\/h5>\n<p>Archivierung ist gesetzliche Pflicht!<br \/>\nVerst\u00f6\u00dfe dagegen sind eine Straftat!<\/p>\n<p>Achten Sie darauf, seit dem 1. Januar 2017 sind Verst\u00f6\u00dfe gegen die Aufbewahrungs-\/Archivierungspflicht nach GoBD kein Kavaliersdelikte mehr.<\/p>\n<p>Mit der<strong>\u00a0Securepoint UMA<\/strong>\u00a0k\u00f6nnen wir Ihnen eine qualitativ hochwertige und kosteneffiziente L\u00f6sung zur\u00a0<strong>Archivierung von E-Mails\u00a0<\/strong>anbieten. Die\u00a0<strong>Securepoint UMA\u00a0<\/strong>erf\u00fcllt dabei nicht nur die gesetzlichen Auflagen zur Speicherung des elektronischen Schriftverkehrs, sondern h\u00e4lt auch diverse technische Features bereit, damit Sie stets einen guten \u00dcberblick \u00fcber Ihre\u00a0\u00a0<span style=\"font-size: 1rem;\">Daten und Informationen behalten<\/span><img loading=\"lazy\" decoding=\"async\" style=\"font-size: 1rem;\" src=\"https:\/\/www.terracom.de\/wp-content\/uploads\/2017\/12\/UMA-1.jpg\" alt=\"\" width=\"960\" height=\"736\" \/><\/p>\n<p>.<\/p>\n<\/div>\n<\/div>\n<\/div>\n<\/div>\n<\/div>\n<\/div>\n<div class=\"elementor-element elementor-element-b71842b elementor-column elementor-col-50 elementor-top-column\" data-id=\"b71842b\" data-element_type=\"column\">\n<div class=\"elementor-column-wrap elementor-element-populated\">\n<div class=\"elementor-widget-wrap\">\n<div class=\"elementor-element elementor-element-065a21c elementor-widget elementor-widget-rt-image-carousel\" data-id=\"065a21c\" data-element_type=\"rt-image-carousel.default\">\n<div class=\"elementor-widget-container\">\n<div id=\"image-carousel-992308\" class=\"rt-carousel carousel-holder clearfix rt-image-carousel rt_lightbox_gallery rt-carousel-loaded\" data-item-width=\"1\" data-nav=\"true\" data-dots=\"true\" data-margin=\"0\" data-autoplay=\"true\" data-timeout=\"\" data-thumbnails=\"false\" data-boxed=\"\" data-min-height=\"\" data-padding=\"0\" data-loop=\"\" data-tablet-item-width=\"\" data-mobile-item-width=\"\">\n<div id=\"image-carousel-992308-dots\" class=\"dots-holder disabled\"><\/div>\n<\/div>\n<\/div>\n<\/div>\n<\/div>\n<\/div>\n<\/div>\n<\/div>\n<\/div>\n<\/section>\n<section class=\"elementor-element elementor-element-6be3878 elementor-section-boxed elementor-section-height-default elementor-section-height-default default-style elementor-section elementor-top-section\" data-id=\"6be3878\" data-settings=\"{&quot;rt_color_sets&quot;:&quot;default-style&quot;}\" data-element_type=\"section\">\n<div class=\"elementor-container elementor-column-gap-default\">\n<div class=\"elementor-row\">\n<div class=\"elementor-element elementor-element-a1227bd elementor-column elementor-col-100 elementor-top-column\" data-id=\"a1227bd\" data-element_type=\"column\">\n<div class=\"elementor-column-wrap elementor-element-populated\">\n<div class=\"elementor-widget-wrap\">\n<div class=\"elementor-element elementor-element-7ee2d39 elementor-widget elementor-widget-divider\" data-id=\"7ee2d39\" data-element_type=\"divider.default\">\n<div class=\"elementor-widget-container\">\n<div class=\"elementor-divider\"><\/div>\n<\/div>\n<\/div>\n<\/div>\n<\/div>\n<\/div>\n<\/div>\n<\/div>\n<\/section>\n","protected":false},"excerpt":{"rendered":"<p>Security L\u00f6sungen Sicherheit spielt in der Unternehmens-IT eine zentrale Rolle. Ohne ein sauber durchdachtes, umgesetztes und dauerhaft betreutes Securitykonzept sind Unternehmen existentiellen Gefahren aus dem Internet und Cyberangriffen schutzlos ausgeliefert. Wichtige Daten k\u00f6nnen schnell verloren gehen oder gestohlen werden und Passw\u00f6rter so in die falschen H\u00e4nde geraten. Ungeregelte externe Zugriffe ohne Berechtigungsstufen erschweren die Datensicherheit &hellip; <\/p>\n<p class=\"link-more\"><a href=\"https:\/\/www.top-it-dienst.de\/datenschutzerklaerung\/edv-dienstleistung\/\" class=\"more-link\"><span class=\"screen-reader-text\">\u201eEDV-Dienstleistung\u201c<\/span> weiterlesen<\/a><\/p>\n","protected":false},"author":1,"featured_media":0,"parent":0,"menu_order":0,"comment_status":"closed","ping_status":"closed","template":"","meta":{"footnotes":""},"class_list":["post-143","page","type-page","status-publish","hentry"],"_links":{"self":[{"href":"https:\/\/www.top-it-dienst.de\/datenschutzerklaerung\/wp-json\/wp\/v2\/pages\/143","targetHints":{"allow":["GET"]}}],"collection":[{"href":"https:\/\/www.top-it-dienst.de\/datenschutzerklaerung\/wp-json\/wp\/v2\/pages"}],"about":[{"href":"https:\/\/www.top-it-dienst.de\/datenschutzerklaerung\/wp-json\/wp\/v2\/types\/page"}],"author":[{"embeddable":true,"href":"https:\/\/www.top-it-dienst.de\/datenschutzerklaerung\/wp-json\/wp\/v2\/users\/1"}],"replies":[{"embeddable":true,"href":"https:\/\/www.top-it-dienst.de\/datenschutzerklaerung\/wp-json\/wp\/v2\/comments?post=143"}],"version-history":[{"count":8,"href":"https:\/\/www.top-it-dienst.de\/datenschutzerklaerung\/wp-json\/wp\/v2\/pages\/143\/revisions"}],"predecessor-version":[{"id":430,"href":"https:\/\/www.top-it-dienst.de\/datenschutzerklaerung\/wp-json\/wp\/v2\/pages\/143\/revisions\/430"}],"wp:attachment":[{"href":"https:\/\/www.top-it-dienst.de\/datenschutzerklaerung\/wp-json\/wp\/v2\/media?parent=143"}],"curies":[{"name":"wp","href":"https:\/\/api.w.org\/{rel}","templated":true}]}}