{"id":214,"date":"2018-09-05T23:14:56","date_gmt":"2018-09-05T21:14:56","guid":{"rendered":"http:\/\/www.top-it-dienst.de\/datenschutzerklaerung\/?page_id=214"},"modified":"2020-11-29T22:55:55","modified_gmt":"2020-11-29T21:55:55","slug":"ecodms","status":"publish","type":"page","link":"https:\/\/www.top-it-dienst.de\/datenschutzerklaerung\/topkontor-handwerk\/ecodms\/","title":{"rendered":"ecodms"},"content":{"rendered":"<div id=\"cc-m-9609161550\" class=\"j-module n j-header \">\n<h1><figure class=\"wp-block-embed wp-block-embed-youtube is-type-video is-provider-youtube epyt-figure\"><div class=\"wp-block-embed__wrapper\"><iframe loading=\"lazy\"  id=\"_ytid_24827\"  width=\"525\" height=\"295\"  data-origwidth=\"525\" data-origheight=\"295\" src=\"https:\/\/www.youtube.com\/embed\/DJ7AKCISNp8?enablejsapi=1&autoplay=0&cc_load_policy=0&cc_lang_pref=&iv_load_policy=1&loop=0&modestbranding=0&rel=1&fs=1&playsinline=0&autohide=2&theme=dark&color=red&controls=1&\" class=\"__youtube_prefs__  no-lazyload\" title=\"YouTube player\"  allow=\"fullscreen; accelerometer; autoplay; clipboard-write; encrypted-media; gyroscope; picture-in-picture\" allowfullscreen data-no-lazy=\"1\" data-skipgform_ajax_framebjll=\"\"><\/iframe><\/div><\/figure><\/h1>\n<h1 id=\"cc-m-header-9609161550\" class=\"\">Archivierungssoftware f\u00fcr jedermann<\/h1>\n<\/div>\n<div id=\"cc-m-9609162450\" class=\"j-module n j-textWithImage \">\n<figure class=\"cc-imagewrapper cc-m-image-align-2\"><img decoding=\"async\" id=\"cc-m-textwithimage-image-9609162450\" class=\"\" src=\"https:\/\/image.jimcdn.com\/app\/cms\/image\/transf\/dimension=369x1024:format=jpg\/path\/s975747a2b20fd553\/image\/i45be72c3366574a1\/version\/1525439694\/image.jpg\" sizes=\"(min-width: 369px) 369px, 100vw\" srcset=\"https:\/\/image.jimcdn.com\/app\/cms\/image\/transf\/dimension=320x1024:format=jpg\/path\/s975747a2b20fd553\/image\/i45be72c3366574a1\/version\/1525439694\/image.jpg 320w, https:\/\/image.jimcdn.com\/app\/cms\/image\/transf\/dimension=369x1024:format=jpg\/path\/s975747a2b20fd553\/image\/i45be72c3366574a1\/version\/1525439694\/image.jpg 369w, https:\/\/image.jimcdn.com\/app\/cms\/image\/transf\/dimension=640x1024:format=jpg\/path\/s975747a2b20fd553\/image\/i45be72c3366574a1\/version\/1525439694\/image.jpg 640w, https:\/\/image.jimcdn.com\/app\/cms\/image\/transf\/none\/path\/s975747a2b20fd553\/image\/i45be72c3366574a1\/version\/1525439694\/image.jpg 700w\" alt=\"\" data-src-width=\"700\" data-src-height=\"360\" data-src=\"https:\/\/image.jimcdn.com\/app\/cms\/image\/transf\/dimension=369x1024:format=jpg\/path\/s975747a2b20fd553\/image\/i45be72c3366574a1\/version\/1525439694\/image.jpg\" data-image-id=\"6275514450\" \/><\/figure>\n<div>\n<div id=\"cc-m-textwithimage-9609162450\" class=\"cc-m-textwithimage-inline-rte\" data-name=\"text\" data-action=\"text\">\n<p>Das ecoDMS Archiv ist ein modernes, plattformunabh\u00e4ngiges und revisionskonformes Client-Server-System. Es dient der datenbankgest\u00fctzten Archivierung elektronischer Dokumente. Papiergebundene und digitale Unterlagen k\u00f6nnen mit ecoDMS in einem zentralen Dokumentenarchiv eingescannt, archiviert, verwaltet und wiedergefunden werden. Mit wenigen Mausklicks werden die Dokumente revisionskonform archiviert, automatisch volltextindiziert und bei Bedarf ohne das Zutun des Nutzers kategorisiert. Eine intelligente Dokumentenerkennung ermittelt dabei selbstst\u00e4ndig die Dokumentenzugeh\u00f6rigkeit und legt die Dateien mit der passenden Klassifizierung f\u00fcr die zust\u00e4ndigen Anwender ab. Via Desktop-Client, Smartphone, Tablet und Weboberfl\u00e4che kann in Sekundenschnelle auf das Archiv zugegriffen werden. Modernste Suchfunktionen machen die Dokumentensuche so einfach wie googeln. Die Software ist schnell installiert und einfach zu bedienen.<\/p>\n<p>Alle Daten liegen sicher beim Kunden in Containern und einer Datenbank und nicht auf fremden Servern, bei der ecoDMS GmbH oder &#8222;einfach manipulierbar&#8220; auf dem Dateisystem. ecoDMS bietet volle Funktionalit\u00e4t f\u00fcr wenig Geld. Der Umstieg von der konventionellen Ablage zum zeitgerechten, digitalen Archiv kann mit dem ecoDMS Archiv preiswert und komfortabel realisiert werden.<\/p>\n<\/div>\n<\/div>\n<div class=\"cc-clear\"><\/div>\n<\/div>\n<div id=\"cc-m-9609162550\" class=\"j-module n j-spacing \">\n<div class=\"cc-m-spacer\"><\/div>\n<\/div>\n<div id=\"cc-m-9609162250\" class=\"j-module n j-header \">\n<h2 id=\"cc-m-header-9609162250\" class=\"\">Kleiner Auszug der vielen M\u00f6glichkeiten &amp; Vorteile mit ecoDMS:<\/h2>\n<\/div>\n<div id=\"cc-m-9609161450\" class=\"j-module n j-text \">\n<ul>\n<li>Revisionskonforme Archivierung beliebiger Dokumente und Dateien<br \/>\nz.B. PDF, Office-Dateien, E-Mails, Bilder, Musik, Vertr\u00e4ge, Rechnungen, Kontoausz\u00fcge, Lieferscheine uvm.<\/li>\n<li>Plattformunabh\u00e4ngiges Client-Server-System<\/li>\n<li>Automatische Volltextindizierung (OCR Tesseract)<\/li>\n<li>Intelligente Suchfunktionen<br \/>\nz.B. Volltextsuche, Attributsuche, Filtervorlagen uvm.<\/li>\n<li>Automatische Klassifizierung und Archivierung via Vorlagen Designer<\/li>\n<li>Digitale Posteingangsbearbeitung (Scannen &amp; Archivieren)<\/li>\n<li>Bequeme Archivierung via Drag &amp; Drop und Sidepanel<\/li>\n<li>Einfache E-Mailarchivierung aus Thunderbird &amp; Outlook per Mausklick<\/li>\n<li>Plugins f\u00fcr OpenOffice, LibreOffice, Microsoft Office<\/li>\n<li>Benutzer- und Gruppenverwaltung inkl. LDAP \/ Active Directory<\/li>\n<li>Clipboard zur Erstellung benutzerdefinierter \u201eDokumentenmappen\u201c<\/li>\n<li>Versionsverwaltung<\/li>\n<li>Revisionskonforme Historie<\/li>\n<li>Komfortable Funktion f\u00fcr Backup &amp; Restore<\/li>\n<li>Modernes Container-Speichersystem<\/li>\n<li>Zeitlich unbeschr\u00e4nkte Lizenz<\/li>\n<li>Keine Dokumentenbegrenzung<\/li>\n<li>Frei skalier- und konfigurierbar f\u00fcr beliebige Benutzerkreise und Gr\u00f6\u00dfen<\/li>\n<li>Im Netzwerk, lokal, im Web und mobil einsetzbar<\/li>\n<li>Software f\u00fcr Windows, Ubuntu, Debian, MacOS, Raspberry Pi, Docker (inkl. QNAP &amp; Synology NAS), Android, iOS<\/li>\n<li>Software, Support und Entwicklungen direkt vom Hersteller<\/li>\n<\/ul>\n<\/div>\n","protected":false},"excerpt":{"rendered":"<p>Archivierungssoftware f\u00fcr jedermann Das ecoDMS Archiv ist ein modernes, plattformunabh\u00e4ngiges und revisionskonformes Client-Server-System. Es dient der datenbankgest\u00fctzten Archivierung elektronischer Dokumente. Papiergebundene und digitale Unterlagen k\u00f6nnen mit ecoDMS in einem zentralen Dokumentenarchiv eingescannt, archiviert, verwaltet und wiedergefunden werden. Mit wenigen Mausklicks werden die Dokumente revisionskonform archiviert, automatisch volltextindiziert und bei Bedarf ohne das Zutun des Nutzers &hellip; <\/p>\n<p class=\"link-more\"><a href=\"https:\/\/www.top-it-dienst.de\/datenschutzerklaerung\/topkontor-handwerk\/ecodms\/\" class=\"more-link\"><span class=\"screen-reader-text\">\u201eecodms\u201c<\/span> weiterlesen<\/a><\/p>\n","protected":false},"author":1,"featured_media":0,"parent":50,"menu_order":10,"comment_status":"closed","ping_status":"closed","template":"","meta":{"footnotes":""},"class_list":["post-214","page","type-page","status-publish","hentry"],"_links":{"self":[{"href":"https:\/\/www.top-it-dienst.de\/datenschutzerklaerung\/wp-json\/wp\/v2\/pages\/214","targetHints":{"allow":["GET"]}}],"collection":[{"href":"https:\/\/www.top-it-dienst.de\/datenschutzerklaerung\/wp-json\/wp\/v2\/pages"}],"about":[{"href":"https:\/\/www.top-it-dienst.de\/datenschutzerklaerung\/wp-json\/wp\/v2\/types\/page"}],"author":[{"embeddable":true,"href":"https:\/\/www.top-it-dienst.de\/datenschutzerklaerung\/wp-json\/wp\/v2\/users\/1"}],"replies":[{"embeddable":true,"href":"https:\/\/www.top-it-dienst.de\/datenschutzerklaerung\/wp-json\/wp\/v2\/comments?post=214"}],"version-history":[{"count":3,"href":"https:\/\/www.top-it-dienst.de\/datenschutzerklaerung\/wp-json\/wp\/v2\/pages\/214\/revisions"}],"predecessor-version":[{"id":413,"href":"https:\/\/www.top-it-dienst.de\/datenschutzerklaerung\/wp-json\/wp\/v2\/pages\/214\/revisions\/413"}],"up":[{"embeddable":true,"href":"https:\/\/www.top-it-dienst.de\/datenschutzerklaerung\/wp-json\/wp\/v2\/pages\/50"}],"wp:attachment":[{"href":"https:\/\/www.top-it-dienst.de\/datenschutzerklaerung\/wp-json\/wp\/v2\/media?parent=214"}],"curies":[{"name":"wp","href":"https:\/\/api.w.org\/{rel}","templated":true}]}}