{"id":316,"date":"2020-08-27T23:05:49","date_gmt":"2020-08-27T21:05:49","guid":{"rendered":"http:\/\/www.top-it-dienst.de\/datenschutzerklaerung\/?page_id=316"},"modified":"2023-05-13T14:52:13","modified_gmt":"2023-05-13T12:52:13","slug":"starface-tk-anlagen-ucc","status":"publish","type":"page","link":"https:\/\/www.top-it-dienst.de\/datenschutzerklaerung\/telekomunikation\/starface-tk-anlagen-ucc\/","title":{"rendered":"Starface TK-Anlagen UCC"},"content":{"rendered":"<div class=\"module_headlines_container\">\n<div class=\"\/\/wpb_animate_when_almost_visible \/\/gambit-css-animation fade-in \" data-enable_animator=\"all\">\n<h1><img loading=\"lazy\" decoding=\"async\" class=\"alignnone size-full wp-image-419\" src=\"https:\/\/www.top-it-dienst.de\/wp-content\/uploads\/2021\/01\/STARFACE_Certified-Partner.gif\" alt=\"\" width=\"104\" height=\"139\" \/><\/h1>\n<h1 class=\"h1\">STARFACE VoIP Telefonanlagen f\u00fcr moderne Business-Telefonie<\/h1>\n<\/div>\n<div class=\"\/\/wpb_animate_when_almost_visible \/\/gambit-css-animation fade-in \" data-enable_animator=\"all\">\n<h2 class=\"h2\">Die voice over IP-Telefonanlagen f\u00fcr alle Branchen und Unternehmen<\/h2>\n<\/div>\n<\/div>\n<div class=\"\/\/wpb_animate_when_almost_visible \/\/gambit-css-animation fade-in \" data-enable_animator=\"all\">\n<p>Unsere Linux-basierten voice over\u00a0<strong>IP-Telefonanlagen<\/strong>, sind wahlweise als\u00a0<strong>Cloud-Service<\/strong>,\u00a0<strong>Hardware-Appliance<\/strong>\u00a0und\u00a0<strong>VM-Edition<\/strong>\u00a0verf\u00fcgbar. Unkomplizierte Kommunikation von jedem Arbeitsplatz aus, ob im B\u00fcro, Unterwegs oder im\u00a0<strong>Homeoffic<\/strong><strong>e<\/strong>. Setzen Sie einfach unseren UCC-Client ein, um Ihre Mitarbeiter problemlos und st\u00f6rungsfrei miteinander zu vernetzen. Mit\u00a0<strong>STARFACE VoIP Telefonanlagen\u00a0<\/strong>Hardware und Software verpassen Sie keinen Anruf mehr, bleiben \u00fcberall mit Ihrem Team in Verbindung und sind f\u00fcr Kunden stets unter der gewohnten Rufnummer erreichbar. Preisgekr\u00f6nte VoIP TK-Anlagen f\u00fcr Unternehmen, made in Germany. F\u00fcr jedes Business die passende TK-Anlage!<\/p>\n<\/div>\n<figure class=\"wp-block-embed wp-block-embed-youtube is-type-video is-provider-youtube epyt-figure\"><div class=\"wp-block-embed__wrapper\"><iframe loading=\"lazy\"  id=\"_ytid_85654\"  width=\"525\" height=\"295\"  data-origwidth=\"525\" data-origheight=\"295\" src=\"https:\/\/www.youtube.com\/embed\/Z7eF3rt0-no?enablejsapi=1&autoplay=0&cc_load_policy=0&cc_lang_pref=&iv_load_policy=1&loop=0&modestbranding=0&rel=1&fs=1&playsinline=0&autohide=2&theme=dark&color=red&controls=1&\" class=\"__youtube_prefs__  no-lazyload\" title=\"YouTube player\"  allow=\"fullscreen; accelerometer; autoplay; clipboard-write; encrypted-media; gyroscope; picture-in-picture\" allowfullscreen data-no-lazy=\"1\" data-skipgform_ajax_framebjll=\"\"><\/iframe><\/div><\/figure>\n<figure class=\"wp-block-embed wp-block-embed-youtube is-type-video is-provider-youtube epyt-figure\"><div class=\"wp-block-embed__wrapper\"><iframe loading=\"lazy\"  id=\"_ytid_36002\"  width=\"525\" height=\"295\"  data-origwidth=\"525\" data-origheight=\"295\" src=\"https:\/\/www.youtube.com\/embed\/VHtkaE7NvS4?enablejsapi=1&autoplay=0&cc_load_policy=0&cc_lang_pref=&iv_load_policy=1&loop=0&modestbranding=0&rel=1&fs=1&playsinline=0&autohide=2&theme=dark&color=red&controls=1&\" class=\"__youtube_prefs__  no-lazyload\" title=\"YouTube player\"  allow=\"fullscreen; accelerometer; autoplay; clipboard-write; encrypted-media; gyroscope; picture-in-picture\" allowfullscreen data-no-lazy=\"1\" data-skipgform_ajax_framebjll=\"\"><\/iframe><\/div><\/figure>\n","protected":false},"excerpt":{"rendered":"<p>STARFACE VoIP Telefonanlagen f\u00fcr moderne Business-Telefonie Die voice over IP-Telefonanlagen f\u00fcr alle Branchen und Unternehmen Unsere Linux-basierten voice over\u00a0IP-Telefonanlagen, sind wahlweise als\u00a0Cloud-Service,\u00a0Hardware-Appliance\u00a0und\u00a0VM-Edition\u00a0verf\u00fcgbar. Unkomplizierte Kommunikation von jedem Arbeitsplatz aus, ob im B\u00fcro, Unterwegs oder im\u00a0Homeoffice. Setzen Sie einfach unseren UCC-Client ein, um Ihre Mitarbeiter problemlos und st\u00f6rungsfrei miteinander zu vernetzen. Mit\u00a0STARFACE VoIP Telefonanlagen\u00a0Hardware und Software verpassen &hellip; <\/p>\n<p class=\"link-more\"><a href=\"https:\/\/www.top-it-dienst.de\/datenschutzerklaerung\/telekomunikation\/starface-tk-anlagen-ucc\/\" class=\"more-link\"><span class=\"screen-reader-text\">\u201eStarface TK-Anlagen UCC\u201c<\/span> weiterlesen<\/a><\/p>\n","protected":false},"author":1,"featured_media":0,"parent":56,"menu_order":0,"comment_status":"closed","ping_status":"closed","template":"","meta":{"footnotes":""},"class_list":["post-316","page","type-page","status-publish","hentry"],"_links":{"self":[{"href":"https:\/\/www.top-it-dienst.de\/datenschutzerklaerung\/wp-json\/wp\/v2\/pages\/316","targetHints":{"allow":["GET"]}}],"collection":[{"href":"https:\/\/www.top-it-dienst.de\/datenschutzerklaerung\/wp-json\/wp\/v2\/pages"}],"about":[{"href":"https:\/\/www.top-it-dienst.de\/datenschutzerklaerung\/wp-json\/wp\/v2\/types\/page"}],"author":[{"embeddable":true,"href":"https:\/\/www.top-it-dienst.de\/datenschutzerklaerung\/wp-json\/wp\/v2\/users\/1"}],"replies":[{"embeddable":true,"href":"https:\/\/www.top-it-dienst.de\/datenschutzerklaerung\/wp-json\/wp\/v2\/comments?post=316"}],"version-history":[{"count":4,"href":"https:\/\/www.top-it-dienst.de\/datenschutzerklaerung\/wp-json\/wp\/v2\/pages\/316\/revisions"}],"predecessor-version":[{"id":471,"href":"https:\/\/www.top-it-dienst.de\/datenschutzerklaerung\/wp-json\/wp\/v2\/pages\/316\/revisions\/471"}],"up":[{"embeddable":true,"href":"https:\/\/www.top-it-dienst.de\/datenschutzerklaerung\/wp-json\/wp\/v2\/pages\/56"}],"wp:attachment":[{"href":"https:\/\/www.top-it-dienst.de\/datenschutzerklaerung\/wp-json\/wp\/v2\/media?parent=316"}],"curies":[{"name":"wp","href":"https:\/\/api.w.org\/{rel}","templated":true}]}}