{"id":320,"date":"2020-08-27T23:11:36","date_gmt":"2020-08-27T21:11:36","guid":{"rendered":"http:\/\/www.top-it-dienst.de\/datenschutzerklaerung\/?page_id=320"},"modified":"2020-08-27T23:11:36","modified_gmt":"2020-08-27T21:11:36","slug":"agfeo-einfach-perfekt-kommunizieren","status":"publish","type":"page","link":"https:\/\/www.top-it-dienst.de\/datenschutzerklaerung\/telekomunikation\/agfeo-einfach-perfekt-kommunizieren\/","title":{"rendered":"AGFEO \u2013 einfach | perfekt | kommunizieren"},"content":{"rendered":"<div class=\"fl-module fl-module-heading fl-node-5e13372c1d130 agfeo-basic-heading\" data-node=\"5e13372c1d130\">\n<div class=\"fl-module-content fl-node-content\">\n<h2 class=\"fl-heading\"><span class=\"fl-heading-text\">AGFEO der Experte f\u00fcr individuelle Telekommunikationsl\u00f6sungen.<\/span><\/h2>\n<\/div>\n<\/div>\n<div class=\"fl-module fl-module-rich-text fl-node-5e13370753daa\" data-node=\"5e13370753daa\">\n<div class=\"fl-module-content fl-node-content\">\n<div class=\"fl-rich-text\">\n<div class=\"elementor-element elementor-element-23f28636 elementor-widget elementor-widget-text-editor\" data-id=\"23f28636\" data-element_type=\"widget\" data-widget_type=\"text-editor.default\">\n<div class=\"elementor-widget-container\">\n<div class=\"elementor-text-editor elementor-clearfix\">\n<p>Seit\u00a0<strong>1947<\/strong>\u00a0bietet\u00a0<strong>AGFEO<\/strong>\u00a0Produkte Topqualit\u00e4t\u00a0<strong>\u201eMade in Germany\u201c<\/strong>.<\/p>\n<p>Seit dem Gr\u00fcndungsjahr 1947 entwickelt AGFEO L\u00f6sungen, die die Kommunikation besser und einfacher machen.<br \/>\nPermanenter Wandel und hohe Innovationskraft sind das Erfolgsrezept. Moderne Produkte und Organisationsstrukturen stehen f\u00fcr wirtschaftliche und ressourcenschonende L\u00f6sungen. Die Kunden und ihre Bed\u00fcrfnisse stehen dabei im Fokus des Handelns und sind der Ansporn, jeden Tag besser zu sein. Neben den verl\u00e4sslichen Branchenl\u00f6sungen entstanden und entstehen st\u00e4ndig neue Anwendungsm\u00f6glichkeiten.<\/p>\n<p>Mit dem neuen AGFEO Dashboard erscheint nun bereits die 5. Generation einer CTI\/UC-Software von AGFEO. Auf Grund dieser langj\u00e4hrigen Expertise erf\u00fcllt die neue Version alle aktuellen Kundenanforderungen und f\u00fchrt die Tradition auf eine moderne Art weiter. Trotzdem handelt es sich um eine komplette Neuentwicklung, bei der aber alle bisherigen Bedienabl\u00e4ufe und Darstellungsansichten der Vorg\u00e4nger hinsichtlich einer bestm\u00f6glichen User-Erfahrung von einem kompetenten Team aus Entwicklern, Grafikern und nat\u00fcrlich Anwendern \u00fcber einen Zeitraum von knapp 2 Jahren einzeln bewertet und angepasst wurden.<\/p>\n<p>AGFEO erf\u00fcllt mit seinen Analog-, ISDN- und VoIP-Produkten und L\u00f6sungen, technischem Know-how und einem umfassenden Service- und Leistungsangebot alle Kriterien einer erfolgreichen Marke.<\/p>\n<p>Diese Innovationen und Technologien sind wesentliche Bestandteile der erfolgreichen Produktpalette und erm\u00f6glichen den Kunden, sich Vorteile gegen\u00fcber ihrem Mitbewerber zu erarbeiten und durch Modularit\u00e4t und Ausbauf\u00e4higkeit der Anlagen in die Zukunft zu investieren. Denn AGFEO Kommunikationsl\u00f6sungen verbinden den aktuellen Stand der Technik mit den modernsten Technologien und bleiben auch in der Zukunft dem Firmenmotto treu:<\/p>\n<p><strong>AGFEO \u2013 einfach | perfekt | kommunizieren<\/strong><\/p>\n<\/div>\n<figure class=\"wp-block-embed wp-block-embed-youtube is-type-video is-provider-youtube epyt-figure\"><div class=\"wp-block-embed__wrapper\"><iframe loading=\"lazy\"  id=\"_ytid_76714\"  width=\"525\" height=\"295\"  data-origwidth=\"525\" data-origheight=\"295\" src=\"https:\/\/www.youtube.com\/embed\/9Ej6NmEo_AI?enablejsapi=1&autoplay=0&cc_load_policy=0&cc_lang_pref=&iv_load_policy=1&loop=0&modestbranding=0&rel=1&fs=1&playsinline=0&autohide=2&theme=dark&color=red&controls=1&\" class=\"__youtube_prefs__  no-lazyload\" title=\"YouTube player\"  allow=\"fullscreen; accelerometer; autoplay; clipboard-write; encrypted-media; gyroscope; picture-in-picture\" allowfullscreen data-no-lazy=\"1\" data-skipgform_ajax_framebjll=\"\"><\/iframe><\/div><\/figure>\n<\/div>\n<\/div>\n<\/div>\n<\/div>\n<\/div>\n","protected":false},"excerpt":{"rendered":"<p>AGFEO der Experte f\u00fcr individuelle Telekommunikationsl\u00f6sungen. Seit\u00a01947\u00a0bietet\u00a0AGFEO\u00a0Produkte Topqualit\u00e4t\u00a0\u201eMade in Germany\u201c. Seit dem Gr\u00fcndungsjahr 1947 entwickelt AGFEO L\u00f6sungen, die die Kommunikation besser und einfacher machen. Permanenter Wandel und hohe Innovationskraft sind das Erfolgsrezept. Moderne Produkte und Organisationsstrukturen stehen f\u00fcr wirtschaftliche und ressourcenschonende L\u00f6sungen. Die Kunden und ihre Bed\u00fcrfnisse stehen dabei im Fokus des Handelns und sind &hellip; <\/p>\n<p class=\"link-more\"><a href=\"https:\/\/www.top-it-dienst.de\/datenschutzerklaerung\/telekomunikation\/agfeo-einfach-perfekt-kommunizieren\/\" class=\"more-link\"><span class=\"screen-reader-text\">\u201eAGFEO \u2013 einfach | perfekt | kommunizieren\u201c<\/span> weiterlesen<\/a><\/p>\n","protected":false},"author":1,"featured_media":0,"parent":56,"menu_order":0,"comment_status":"closed","ping_status":"closed","template":"","meta":{"footnotes":""},"class_list":["post-320","page","type-page","status-publish","hentry"],"_links":{"self":[{"href":"https:\/\/www.top-it-dienst.de\/datenschutzerklaerung\/wp-json\/wp\/v2\/pages\/320","targetHints":{"allow":["GET"]}}],"collection":[{"href":"https:\/\/www.top-it-dienst.de\/datenschutzerklaerung\/wp-json\/wp\/v2\/pages"}],"about":[{"href":"https:\/\/www.top-it-dienst.de\/datenschutzerklaerung\/wp-json\/wp\/v2\/types\/page"}],"author":[{"embeddable":true,"href":"https:\/\/www.top-it-dienst.de\/datenschutzerklaerung\/wp-json\/wp\/v2\/users\/1"}],"replies":[{"embeddable":true,"href":"https:\/\/www.top-it-dienst.de\/datenschutzerklaerung\/wp-json\/wp\/v2\/comments?post=320"}],"version-history":[{"count":1,"href":"https:\/\/www.top-it-dienst.de\/datenschutzerklaerung\/wp-json\/wp\/v2\/pages\/320\/revisions"}],"predecessor-version":[{"id":321,"href":"https:\/\/www.top-it-dienst.de\/datenschutzerklaerung\/wp-json\/wp\/v2\/pages\/320\/revisions\/321"}],"up":[{"embeddable":true,"href":"https:\/\/www.top-it-dienst.de\/datenschutzerklaerung\/wp-json\/wp\/v2\/pages\/56"}],"wp:attachment":[{"href":"https:\/\/www.top-it-dienst.de\/datenschutzerklaerung\/wp-json\/wp\/v2\/media?parent=320"}],"curies":[{"name":"wp","href":"https:\/\/api.w.org\/{rel}","templated":true}]}}