{"id":442,"date":"2021-02-28T01:22:54","date_gmt":"2021-02-28T00:22:54","guid":{"rendered":"http:\/\/www.top-it-dienst.de\/datenschutzerklaerung\/?page_id=442"},"modified":"2021-02-28T01:22:54","modified_gmt":"2021-02-28T00:22:54","slug":"microsoft-office-365","status":"publish","type":"page","link":"https:\/\/www.top-it-dienst.de\/datenschutzerklaerung\/microsoft-office-365\/","title":{"rendered":"Microsoft Office 365"},"content":{"rendered":"<p><img loading=\"lazy\" decoding=\"async\" class=\"alignnone size-medium wp-image-443\" src=\"https:\/\/www.top-it-dienst.de\/wp-content\/uploads\/2021\/02\/MPN-300x100.jpg\" alt=\"\" width=\"300\" height=\"100\" srcset=\"https:\/\/www.top-it-dienst.de\/wp-content\/uploads\/2021\/02\/MPN-300x100.jpg 300w, https:\/\/www.top-it-dienst.de\/wp-content\/uploads\/2021\/02\/MPN-768x256.jpg 768w, https:\/\/www.top-it-dienst.de\/wp-content\/uploads\/2021\/02\/MPN.jpg 1013w\" sizes=\"auto, (max-width: 300px) 100vw, 300px\" \/><\/p>\n<p><b>Microsoft 365<\/b>\u00a0(ehemals Microsoft Office 365) ist eine Kombination bestehend aus einem\u00a0<a class=\"mw-redirect\" title=\"Online-Dienst\" href=\"https:\/\/de.wikipedia.org\/wiki\/Online-Dienst\">Online-Dienst<\/a>, einer\u00a0<a title=\"Office-Paket\" href=\"https:\/\/de.wikipedia.org\/wiki\/Office-Paket\">Office<\/a>&#8211;<a title=\"Webanwendung\" href=\"https:\/\/de.wikipedia.org\/wiki\/Webanwendung\">Webanwendung<\/a>\u00a0und einem\u00a0<a title=\"Office-Paket\" href=\"https:\/\/de.wikipedia.org\/wiki\/Office-Paket\">Office<\/a>-Software-<a title=\"Abonnement\" href=\"https:\/\/de.wikipedia.org\/wiki\/Abonnement\">Abonnement<\/a>. Microsoft 365 gibt es als Single- oder Family-Version, die f\u00fcr Privatkunden bestimmt ist, sowie als Business- oder Enterprise-Pakete f\u00fcr Unternehmen. Der Funktionsumfang unterscheidet sich erheblich; trotz des gemeinsamen Namens sind darin zum Teil v\u00f6llig unterschiedliche Dienste enthalten.<\/p>\n<p>Microsoft 365 bietet den Anwendern die M\u00f6glichkeit, ortsunabh\u00e4ngig von jedem unterst\u00fctzten Endger\u00e4t aus zu arbeiten. Gespeicherte Daten befinden sich in Rechenzentren von Microsoft, zu denen der Zugriff \u00fcber das Internet m\u00f6glich ist.<\/p>\n","protected":false},"excerpt":{"rendered":"<p>Microsoft 365\u00a0(ehemals Microsoft Office 365) ist eine Kombination bestehend aus einem\u00a0Online-Dienst, einer\u00a0Office&#8211;Webanwendung\u00a0und einem\u00a0Office-Software-Abonnement. Microsoft 365 gibt es als Single- oder Family-Version, die f\u00fcr Privatkunden bestimmt ist, sowie als Business- oder Enterprise-Pakete f\u00fcr Unternehmen. Der Funktionsumfang unterscheidet sich erheblich; trotz des gemeinsamen Namens sind darin zum Teil v\u00f6llig unterschiedliche Dienste enthalten. Microsoft 365 bietet den Anwendern &hellip; <\/p>\n<p class=\"link-more\"><a href=\"https:\/\/www.top-it-dienst.de\/datenschutzerklaerung\/microsoft-office-365\/\" class=\"more-link\"><span class=\"screen-reader-text\">\u201eMicrosoft Office 365\u201c<\/span> weiterlesen<\/a><\/p>\n","protected":false},"author":1,"featured_media":0,"parent":0,"menu_order":0,"comment_status":"closed","ping_status":"closed","template":"","meta":{"footnotes":""},"class_list":["post-442","page","type-page","status-publish","hentry"],"_links":{"self":[{"href":"https:\/\/www.top-it-dienst.de\/datenschutzerklaerung\/wp-json\/wp\/v2\/pages\/442","targetHints":{"allow":["GET"]}}],"collection":[{"href":"https:\/\/www.top-it-dienst.de\/datenschutzerklaerung\/wp-json\/wp\/v2\/pages"}],"about":[{"href":"https:\/\/www.top-it-dienst.de\/datenschutzerklaerung\/wp-json\/wp\/v2\/types\/page"}],"author":[{"embeddable":true,"href":"https:\/\/www.top-it-dienst.de\/datenschutzerklaerung\/wp-json\/wp\/v2\/users\/1"}],"replies":[{"embeddable":true,"href":"https:\/\/www.top-it-dienst.de\/datenschutzerklaerung\/wp-json\/wp\/v2\/comments?post=442"}],"version-history":[{"count":1,"href":"https:\/\/www.top-it-dienst.de\/datenschutzerklaerung\/wp-json\/wp\/v2\/pages\/442\/revisions"}],"predecessor-version":[{"id":444,"href":"https:\/\/www.top-it-dienst.de\/datenschutzerklaerung\/wp-json\/wp\/v2\/pages\/442\/revisions\/444"}],"wp:attachment":[{"href":"https:\/\/www.top-it-dienst.de\/datenschutzerklaerung\/wp-json\/wp\/v2\/media?parent=442"}],"curies":[{"name":"wp","href":"https:\/\/api.w.org\/{rel}","templated":true}]}}