{"id":50,"date":"2017-12-22T20:01:10","date_gmt":"2017-12-22T19:01:10","guid":{"rendered":"http:\/\/www.top-it-dienst.de\/?page_id=50"},"modified":"2019-07-16T15:55:16","modified_gmt":"2019-07-16T13:55:16","slug":"topkontor-handwerk","status":"publish","type":"page","link":"https:\/\/www.top-it-dienst.de\/datenschutzerklaerung\/topkontor-handwerk\/","title":{"rendered":"TopKontor Handwerk"},"content":{"rendered":"<div class=\"vc_row wpb_row vc_row-fluid\">\n<div class=\"vc_column_container vc_col-sm-12\">\n<h3 class=\"vc_custom_heading m-t align-left heading-primary\">Die\u00a0<strong>Highlights<\/strong>\u00a0von TopKontor Handwerk<\/h3>\n<div class=\"wpb_wrapper vc_column-inner\">\n<p><iframe loading=\"lazy\" title=\"Produkt-Trailer TopKontor Handwerk\" width=\"525\" height=\"295\" src=\"https:\/\/www.youtube.com\/embed\/g1nQRDg6xaE?start=6&#038;feature=oembed\" frameborder=\"0\" allow=\"accelerometer; autoplay; clipboard-write; encrypted-media; gyroscope; picture-in-picture; web-share\" referrerpolicy=\"strict-origin-when-cross-origin\" allowfullscreen><\/iframe><\/p>\n<\/div>\n<\/div>\n<\/div>\n<div class=\"vc_row wpb_row vc_row-fluid\">\n<div class=\"vc_column_container vc_col-sm-4\">\n<div class=\"wpb_wrapper vc_column-inner\">\n<div class=\"smile_icon_list_wrap ult_info_list_container ult-adjust-bottom-margin \">\n<ul class=\"smile_icon_list left circle with_bg\">\n<li class=\"icon_list_item\">\n<div id=\"Info-list-wrap-2555\" class=\"icon_description\">\n<h3 class=\"ult-responsive\" data-ultimate-target=\"#Info-list-wrap-2555 h3\" data-responsive-json-new=\"{&quot;font-size&quot;:&quot;desktop:18px;&quot;,&quot;line-height&quot;:&quot;desktop:24px;&quot;}\">Erfassung der Angebote<\/h3>\n<div class=\"icon_description_text ult-responsive\" data-ultimate-target=\"#Info-list-wrap-2555 .icon_description_text\" data-responsive-json-new=\"{&quot;font-size&quot;:&quot;desktop:15px;&quot;,&quot;line-height&quot;:&quot;desktop:18px;&quot;}\">\n<p>Sie erfassen\u00a0und kalkulieren die Positionen direkt am Bildschirm auf Ihrem eigenen Briefbogen. Damit stimmt der Druck exakt mit dem Inhalt auf dem Bildschirm \u00fcberein. Die Bedienung wird dadurch noch einfacher.<\/p>\n<\/div>\n<\/div>\n<div class=\"icon_list_connector\"><\/div>\n<\/li>\n<li class=\"icon_list_item\">\n<div class=\"icon_list_icon\" data-animation=\"\" data-animation-delay=\"03\">\u00a0<span style=\"font-size: 1.125rem;\">Projektverwaltung<\/span><\/div>\n<div id=\"Info-list-wrap-7393\" class=\"icon_description\">\n<div class=\"icon_description_text ult-responsive\" data-ultimate-target=\"#Info-list-wrap-7393 .icon_description_text\" data-responsive-json-new=\"{&quot;font-size&quot;:&quot;desktop:15px;&quot;,&quot;line-height&quot;:&quot;desktop:18px;&quot;}\">\n<p>Bei allen gr\u00f6\u00dferen Projekten k\u00f6nnen Sie alle relevanten Vorg\u00e4nge in einen Projektordner ablegen. Vom Angebot bis zur Schlussrechnung, vom Brief bis zum Baustellenfoto. Somit haben Sie jederzeit Transparenz und \u00dcbersicht bei Ihren Vorhaben.<\/p>\n<\/div>\n<\/div>\n<\/li>\n<\/ul>\n<\/div>\n<\/div>\n<\/div>\n<div class=\"vc_column_container vc_col-sm-4\">\n<div class=\"wpb_wrapper vc_column-inner\">\n<div class=\"smile_icon_list_wrap ult_info_list_container ult-adjust-bottom-margin \">\n<ul class=\"smile_icon_list left circle with_bg\">\n<li class=\"icon_list_item\">\n<div class=\"icon_list_icon\" data-animation=\"\" data-animation-delay=\"03\">\u00a0<span style=\"font-size: 1.125rem;\">Pr\u00e4zise Kalkulation<\/span><\/div>\n<div id=\"Info-list-wrap-4937\" class=\"icon_description\">\n<div class=\"icon_description_text ult-responsive\" data-ultimate-target=\"#Info-list-wrap-4937 .icon_description_text\" data-responsive-json-new=\"{&quot;font-size&quot;:&quot;desktop:15px;&quot;,&quot;line-height&quot;:&quot;desktop:18px;&quot;}\">\n<p>Auf Knopfdruck zeigt Ihnen TopKontor Handwerk, welcher Gewinn noch \u00fcbrig bleibt und wie die Deckung pro Stunde ausf\u00e4llt. Im laufenden Projekt zeigt die Nachkalkulation an, wie sich Ihre Projekte entwickeln.<\/p>\n<\/div>\n<\/div>\n<div class=\"icon_list_connector\"><\/div>\n<\/li>\n<li class=\"icon_list_item\">\n<div id=\"Info-list-wrap-6668\" class=\"icon_description\">\n<h3 class=\"ult-responsive\" data-ultimate-target=\"#Info-list-wrap-6668 h3\" data-responsive-json-new=\"{&quot;font-size&quot;:&quot;desktop:18px;&quot;,&quot;line-height&quot;:&quot;desktop:24px;&quot;}\">Schnittstellen<\/h3>\n<div class=\"icon_description_text ult-responsive\" data-ultimate-target=\"#Info-list-wrap-6668 .icon_description_text\" data-responsive-json-new=\"{&quot;font-size&quot;:&quot;desktop:15px;&quot;,&quot;line-height&quot;:&quot;desktop:18px;&quot;}\">\n<p>Alle wichtigen Schnittstellen im Handwerk sind bereits im Grundmodul enthalten Die \u00dcbernahme der Materialien \u00fcber DATANORM, die Online-Verbindung zum Shop des Lieferanten (UGL, IDS, OCI) oder das Einlesen oder Ausgeben von GAEB Dateien (Ausschreibungen).<\/p>\n<\/div>\n<\/div>\n<\/li>\n<\/ul>\n<\/div>\n<\/div>\n<\/div>\n<div class=\"vc_column_container vc_col-sm-4\">\n<div class=\"wpb_wrapper vc_column-inner\">\n<div class=\"smile_icon_list_wrap ult_info_list_container ult-adjust-bottom-margin \">\n<ul class=\"smile_icon_list left circle with_bg\">\n<li class=\"icon_list_item\">\n<div id=\"Info-list-wrap-9644\" class=\"icon_description\">\n<h3 class=\"ult-responsive\" data-ultimate-target=\"#Info-list-wrap-9644 h3\" data-responsive-json-new=\"{&quot;font-size&quot;:&quot;desktop:18px;&quot;,&quot;line-height&quot;:&quot;desktop:24px;&quot;}\">Offene-Posten-Verwaltung<\/h3>\n<div class=\"icon_description_text ult-responsive\" data-ultimate-target=\"#Info-list-wrap-9644 .icon_description_text\" data-responsive-json-new=\"{&quot;font-size&quot;:&quot;desktop:15px;&quot;,&quot;line-height&quot;:&quot;desktop:18px;&quot;}\">\n<p>Im OP-Center erfassen Sie alle Zahlungsein- und Ausg\u00e4nge. Das OP Center zeigt an, welcher Kunde noch nicht bezahlt hat und erstellt automatisch die Mahnungen. Alle Daten k\u00f6nnen an DATEV \u00fcbergeben werden.<\/p>\n<\/div>\n<\/div>\n<div class=\"icon_list_connector\"><\/div>\n<\/li>\n<li class=\"icon_list_item\">\n<div class=\"icon_list_icon\" data-animation=\"\" data-animation-delay=\"03\">\u00a0<span style=\"font-size: 1.125rem;\">Mobile Anbindung<\/span><\/div>\n<div id=\"Info-list-wrap-5492\" class=\"icon_description\">\n<div class=\"icon_description_text ult-responsive\" data-ultimate-target=\"#Info-list-wrap-5492 .icon_description_text\" data-responsive-json-new=\"{&quot;font-size&quot;:&quot;desktop:15px;&quot;,&quot;line-height&quot;:&quot;desktop:18px;&quot;}\">\n<p>Durch die TopApps von blue:solution haben Sie auch von unterwegs Zugriff auf Ihre Daten. Sie k\u00f6nnen Kundendaten und Termine einsehen oder vergeben. Ebenso k\u00f6nnen Sie auf Reparaturauftr\u00e4ge aus der Zentrale zugreifen oder neue Auftr\u00e4ge von unterwegs anlegen.<\/p>\n<\/div>\n<\/div>\n<\/li>\n<\/ul>\n<\/div>\n<\/div>\n<\/div>\n<\/div>\n","protected":false},"excerpt":{"rendered":"<p>Die\u00a0Highlights\u00a0von TopKontor Handwerk Erfassung der Angebote Sie erfassen\u00a0und kalkulieren die Positionen direkt am Bildschirm auf Ihrem eigenen Briefbogen. Damit stimmt der Druck exakt mit dem Inhalt auf dem Bildschirm \u00fcberein. Die Bedienung wird dadurch noch einfacher. \u00a0Projektverwaltung Bei allen gr\u00f6\u00dferen Projekten k\u00f6nnen Sie alle relevanten Vorg\u00e4nge in einen Projektordner ablegen. Vom Angebot bis zur Schlussrechnung, &hellip; <\/p>\n<p class=\"link-more\"><a href=\"https:\/\/www.top-it-dienst.de\/datenschutzerklaerung\/topkontor-handwerk\/\" class=\"more-link\"><span class=\"screen-reader-text\">\u201eTopKontor Handwerk\u201c<\/span> weiterlesen<\/a><\/p>\n","protected":false},"author":1,"featured_media":0,"parent":0,"menu_order":0,"comment_status":"closed","ping_status":"closed","template":"","meta":{"footnotes":""},"class_list":["post-50","page","type-page","status-publish","hentry"],"_links":{"self":[{"href":"https:\/\/www.top-it-dienst.de\/datenschutzerklaerung\/wp-json\/wp\/v2\/pages\/50","targetHints":{"allow":["GET"]}}],"collection":[{"href":"https:\/\/www.top-it-dienst.de\/datenschutzerklaerung\/wp-json\/wp\/v2\/pages"}],"about":[{"href":"https:\/\/www.top-it-dienst.de\/datenschutzerklaerung\/wp-json\/wp\/v2\/types\/page"}],"author":[{"embeddable":true,"href":"https:\/\/www.top-it-dienst.de\/datenschutzerklaerung\/wp-json\/wp\/v2\/users\/1"}],"replies":[{"embeddable":true,"href":"https:\/\/www.top-it-dienst.de\/datenschutzerklaerung\/wp-json\/wp\/v2\/comments?post=50"}],"version-history":[{"count":4,"href":"https:\/\/www.top-it-dienst.de\/datenschutzerklaerung\/wp-json\/wp\/v2\/pages\/50\/revisions"}],"predecessor-version":[{"id":304,"href":"https:\/\/www.top-it-dienst.de\/datenschutzerklaerung\/wp-json\/wp\/v2\/pages\/50\/revisions\/304"}],"wp:attachment":[{"href":"https:\/\/www.top-it-dienst.de\/datenschutzerklaerung\/wp-json\/wp\/v2\/media?parent=50"}],"curies":[{"name":"wp","href":"https:\/\/api.w.org\/{rel}","templated":true}]}}