{"id":54,"date":"2017-12-22T20:02:26","date_gmt":"2017-12-22T19:02:26","guid":{"rendered":"http:\/\/www.top-it-dienst.de\/?page_id=54"},"modified":"2018-09-03T21:58:14","modified_gmt":"2018-09-03T19:58:14","slug":"tobit-software","status":"publish","type":"page","link":"https:\/\/www.top-it-dienst.de\/datenschutzerklaerung\/tobit-software\/","title":{"rendered":"Tobit Software"},"content":{"rendered":"<div class=\"tapp__intro noIntro\">\n<h1 class=\"noIntro\" data-element-id=\"0\">Ein perfekt zusammengew\u00fcrfeltes Team<\/h1>\n<\/div>\n<div class=\"tapp__content tcNoIntro\" data-element-id=\"2\">\n<div class=\"elementWrapper\">\n<div class=\"wrapperContent\">\n<p><i>Tobit macht Software. Und das nicht erst seit gestern. Im November 1986 schmiss Tobias Groten die Schule, um Standard-Software\u00a0zu entwickeln, die Teams erfolgreicher und schlagkr\u00e4ftiger machen sollte. Auch das eigene, \u00fcbrigens. F\u00fcr die Beschreibung seines Plans brauchte man damals f\u00fcnf W\u00f6rter: \u201eVernetzung von allen und allem!\u201c Heute reicht eins: \u201eDigitalisierung\u201c.\u00a0<\/i><\/p>\n<h3>Alle zusammen&#8230;<\/h3>\n<p><img decoding=\"async\" class=\"original-size right\" draggable=\"false\" src=\"https:\/\/chayns1.tobit.com\/SlitteRessource\/Locations\/1214\/TappMaker\/Images\/4df6d0ec-90b4-4630-83ae-18e99188beb3.png\" \/>Tobit.Software funktioniert anders. Schon im Kern. Bei uns basiert alles auf \u201eDesign Thinking\u201c &#8212; dem Ansatz, bei dem Menschen aus den unterschiedlichsten Disziplinen direkt zusammen arbeiten, um innovative, frische Ideen und L\u00f6sungen zu entwickeln. Um so zu arbeiten, braucht man eine verdammt gute Software. Und die kann man nur entwickeln, wenn man so arbeitet.<\/p>\n<h3>&#8230;und jeder f\u00fcr sich.<\/h3>\n<p>Bei Tobit.Software gibt es keine engen Hierarchien. Wir funktionieren nicht wie eine typische AG. Eher wie eine \u00fcberdimensionierte Fu\u00dfballmannschaft. Eine, bei der der Kader seit Jahren eine ziemlich konstante Gr\u00f6\u00dfe von etwa 200 Menschen umfasst, sich aber permanent erneuert.<\/p>\n<p>Auch wenn immer wieder Menschen in unser Team sto\u00dfen, die aus anderen Unternehmen kommen: Der \u00fcberwiegende Teil der neuen Kollegen hat noch nie zuvor im Leben gearbeitet! Begeisterung, Leidenschaft und unendlich viel Energie vs. veraltetes Wissen und irref\u00fchrende Erfahrung. Permanente Erneuerung als Konzept f\u00fcr Erfolg in der schnellsten Branche der Welt.<\/p>\n<\/div>\n<\/div>\n<div class=\"content__card\">\n<div class=\"elementWrapper\">\n<div class=\"wrapperContent\">\n<p>Tipp: Der WDR hat Tobias Groten bei Tobit.Software in Ahaus besucht und stellt ihn und das Team in der Dokumentation \u201eDie Zukunftsmacher\u201c vor. (Link\u00a0<a>ARD-Mediathek<\/a>)<\/p>\n<\/div>\n<\/div>\n<\/div>\n<div class=\"elementWrapper\">\n<div class=\"wrapperContent\"><\/div>\n<\/div>\n<\/div>\n","protected":false},"excerpt":{"rendered":"<p>Ein perfekt zusammengew\u00fcrfeltes Team Tobit macht Software. Und das nicht erst seit gestern. Im November 1986 schmiss Tobias Groten die Schule, um Standard-Software\u00a0zu entwickeln, die Teams erfolgreicher und schlagkr\u00e4ftiger machen sollte. Auch das eigene, \u00fcbrigens. F\u00fcr die Beschreibung seines Plans brauchte man damals f\u00fcnf W\u00f6rter: \u201eVernetzung von allen und allem!\u201c Heute reicht eins: \u201eDigitalisierung\u201c.\u00a0 Alle &hellip; <\/p>\n<p class=\"link-more\"><a href=\"https:\/\/www.top-it-dienst.de\/datenschutzerklaerung\/tobit-software\/\" class=\"more-link\"><span class=\"screen-reader-text\">\u201eTobit Software\u201c<\/span> weiterlesen<\/a><\/p>\n","protected":false},"author":1,"featured_media":207,"parent":0,"menu_order":0,"comment_status":"closed","ping_status":"closed","template":"","meta":{"footnotes":""},"class_list":["post-54","page","type-page","status-publish","has-post-thumbnail","hentry"],"_links":{"self":[{"href":"https:\/\/www.top-it-dienst.de\/datenschutzerklaerung\/wp-json\/wp\/v2\/pages\/54","targetHints":{"allow":["GET"]}}],"collection":[{"href":"https:\/\/www.top-it-dienst.de\/datenschutzerklaerung\/wp-json\/wp\/v2\/pages"}],"about":[{"href":"https:\/\/www.top-it-dienst.de\/datenschutzerklaerung\/wp-json\/wp\/v2\/types\/page"}],"author":[{"embeddable":true,"href":"https:\/\/www.top-it-dienst.de\/datenschutzerklaerung\/wp-json\/wp\/v2\/users\/1"}],"replies":[{"embeddable":true,"href":"https:\/\/www.top-it-dienst.de\/datenschutzerklaerung\/wp-json\/wp\/v2\/comments?post=54"}],"version-history":[{"count":2,"href":"https:\/\/www.top-it-dienst.de\/datenschutzerklaerung\/wp-json\/wp\/v2\/pages\/54\/revisions"}],"predecessor-version":[{"id":114,"href":"https:\/\/www.top-it-dienst.de\/datenschutzerklaerung\/wp-json\/wp\/v2\/pages\/54\/revisions\/114"}],"wp:featuredmedia":[{"embeddable":true,"href":"https:\/\/www.top-it-dienst.de\/datenschutzerklaerung\/wp-json\/wp\/v2\/media\/207"}],"wp:attachment":[{"href":"https:\/\/www.top-it-dienst.de\/datenschutzerklaerung\/wp-json\/wp\/v2\/media?parent=54"}],"curies":[{"name":"wp","href":"https:\/\/api.w.org\/{rel}","templated":true}]}}