{"id":94,"date":"2017-12-22T20:49:17","date_gmt":"2017-12-22T19:49:17","guid":{"rendered":"http:\/\/www.top-it-dienst.de\/?page_id=94"},"modified":"2017-12-22T20:49:17","modified_gmt":"2017-12-22T19:49:17","slug":"handwerk-fibu","status":"publish","type":"page","link":"https:\/\/www.top-it-dienst.de\/datenschutzerklaerung\/topkontor-handwerk\/handwerk-schnitstellen\/handwerk-fibu\/","title":{"rendered":"Handwerk FiBu"},"content":{"rendered":"<div class=\"vc_row wpb_row vc_row-fluid\">\n<div class=\"vc_column_container vc_col-sm-6\">\n<div class=\"wpb_wrapper vc_column-inner\">\n<h3 class=\"vc_custom_heading align-left heading-primary\">Datev5<\/h3>\n<div class=\"wpb_text_column wpb_content_element \">\n<div class=\"wpb_wrapper\">\n<p>\u00dcber die DATEV-Schnittstelle landen mit nur einem Kopfdruck wichtige Unterlagen beim Steuerberater. Das muss zuverl\u00e4ssig funktionieren. Und diese Zuverl\u00e4ssigkeit und hohe Kompatibilit\u00e4t wurde vom Unternehmen DATEV eG nach einer technischen Pr\u00fcfung best\u00e4tigt. Bei der Datev5-Schnittstelle handelt es sich um die aktuelle Schnittstellenl\u00f6sung, die alle anderen Formate zum 31.1.2017 abgel\u00f6st hat. Damit \u00fcbergeben wir:<\/p>\n<\/div>\n<\/div>\n<div class=\"wpb_text_column wpb_content_element \">\n<div class=\"wpb_wrapper\">\n<ul>\n<li>Debitoren-\/ Kreditorenstammdaten<\/li>\n<li>Sachkonten (Kontobeschriftungen)<\/li>\n<li>Rechnungsausgangsbuch<\/li>\n<li>Rechnungseingangsbuch (OP-Verwaltung erforderlich)<\/li>\n<li>Kassenbuchungen (OP-Verwaltung erforderlich)<\/li>\n<li>Zahlungsein- und Zahlungsausg\u00e4nge (OP-Verwaltung erforderlich)<\/li>\n<\/ul>\n<\/div>\n<\/div>\n<\/div>\n<\/div>\n<div class=\"vc_column_container vc_col-sm-6\">\n<div class=\"wpb_wrapper vc_column-inner\">\n<h3 class=\"vc_custom_heading align-left heading-primary\">Lexware Buchhalter<\/h3>\n<div class=\"wpb_text_column wpb_content_element \">\n<div class=\"wpb_wrapper\">\n<p>Die Schnittstelle Lexware Buchhalter erm\u00f6glicht Kunden ohne OP-Verwaltung alle buchungsrelevanten Daten an Lexware zu \u00fcbergeben. Damit werden die folgenden Buchungsdaten bzw. Stammdaten \u00fcbergeben:<\/p>\n<\/div>\n<\/div>\n<div class=\"wpb_text_column wpb_content_element \">\n<div class=\"wpb_wrapper\">\n<ul>\n<li>Debitoren-\/ Kreditorenstammdaten<\/li>\n<li>Rechnungsausgangsbuch<\/li>\n<li>Datevnummer als Adressidentifikation<\/li>\n<\/ul>\n<\/div>\n<\/div>\n<\/div>\n<\/div>\n<\/div>\n<div class=\"vc_row wpb_row vc_row-fluid\">\n<div class=\"vc_column_container vc_col-sm-6\">\n<div class=\"wpb_wrapper vc_column-inner\">\n<h3 class=\"vc_custom_heading align-left heading-primary\">Classic Line<\/h3>\n<div class=\"wpb_text_column wpb_content_element \">\n<div class=\"wpb_wrapper\">\n<p>Die Schnittstelle Classic Line erm\u00f6glicht Kunden ohne OP-Verwaltung alle buchungsrelevanten Daten an die Classic Line zu \u00fcbergeben. Hierbei kann zwischen den Versionen 97, 2000 und 2009 unterschieden werden. Damit werden die folgenden Buchungsdaten bzw. Stammdaten \u00fcbergeben:<\/p>\n<\/div>\n<\/div>\n<div class=\"wpb_text_column wpb_content_element \">\n<div class=\"wpb_wrapper\">\n<ul>\n<li>Debitoren-\/ Kreditorenstammdaten<\/li>\n<li>Mandantenauswahl der CL Line<\/li>\n<li>Festlegung des Buchungskreises<\/li>\n<li>Rechnungsausgangsbuch<\/li>\n<li>Datevnummer als Adressidentifikation<\/li>\n<\/ul>\n<\/div>\n<\/div>\n<\/div>\n<\/div>\n<\/div>\n","protected":false},"excerpt":{"rendered":"<p>Datev5 \u00dcber die DATEV-Schnittstelle landen mit nur einem Kopfdruck wichtige Unterlagen beim Steuerberater. Das muss zuverl\u00e4ssig funktionieren. Und diese Zuverl\u00e4ssigkeit und hohe Kompatibilit\u00e4t wurde vom Unternehmen DATEV eG nach einer technischen Pr\u00fcfung best\u00e4tigt. Bei der Datev5-Schnittstelle handelt es sich um die aktuelle Schnittstellenl\u00f6sung, die alle anderen Formate zum 31.1.2017 abgel\u00f6st hat. Damit \u00fcbergeben wir: Debitoren-\/ &hellip; <\/p>\n<p class=\"link-more\"><a href=\"https:\/\/www.top-it-dienst.de\/datenschutzerklaerung\/topkontor-handwerk\/handwerk-schnitstellen\/handwerk-fibu\/\" class=\"more-link\"><span class=\"screen-reader-text\">\u201eHandwerk FiBu\u201c<\/span> weiterlesen<\/a><\/p>\n","protected":false},"author":1,"featured_media":0,"parent":90,"menu_order":0,"comment_status":"closed","ping_status":"closed","template":"","meta":{"footnotes":""},"class_list":["post-94","page","type-page","status-publish","hentry"],"_links":{"self":[{"href":"https:\/\/www.top-it-dienst.de\/datenschutzerklaerung\/wp-json\/wp\/v2\/pages\/94","targetHints":{"allow":["GET"]}}],"collection":[{"href":"https:\/\/www.top-it-dienst.de\/datenschutzerklaerung\/wp-json\/wp\/v2\/pages"}],"about":[{"href":"https:\/\/www.top-it-dienst.de\/datenschutzerklaerung\/wp-json\/wp\/v2\/types\/page"}],"author":[{"embeddable":true,"href":"https:\/\/www.top-it-dienst.de\/datenschutzerklaerung\/wp-json\/wp\/v2\/users\/1"}],"replies":[{"embeddable":true,"href":"https:\/\/www.top-it-dienst.de\/datenschutzerklaerung\/wp-json\/wp\/v2\/comments?post=94"}],"version-history":[{"count":1,"href":"https:\/\/www.top-it-dienst.de\/datenschutzerklaerung\/wp-json\/wp\/v2\/pages\/94\/revisions"}],"predecessor-version":[{"id":95,"href":"https:\/\/www.top-it-dienst.de\/datenschutzerklaerung\/wp-json\/wp\/v2\/pages\/94\/revisions\/95"}],"up":[{"embeddable":true,"href":"https:\/\/www.top-it-dienst.de\/datenschutzerklaerung\/wp-json\/wp\/v2\/pages\/90"}],"wp:attachment":[{"href":"https:\/\/www.top-it-dienst.de\/datenschutzerklaerung\/wp-json\/wp\/v2\/media?parent=94"}],"curies":[{"name":"wp","href":"https:\/\/api.w.org\/{rel}","templated":true}]}}